{"id":177178,"date":"2026-02-09T08:11:19","date_gmt":"2026-02-09T08:11:19","guid":{"rendered":"https:\/\/ek-mag.com\/?post_type=product&#038;p=177178"},"modified":"2026-02-09T08:51:47","modified_gmt":"2026-02-09T08:51:47","slug":"ek-magazine-304-january-february-2026","status":"publish","type":"product","link":"https:\/\/ek-mag.com\/el\/product\/ek-magazine-304-january-february-2026\/","title":{"rendered":"ek magazine 304 | \u0399\u03b1\u03bd\u03bf\u03c5\u03ac\u03c1\u03b9\u03bf\u03c2\/\u03a6\u03b5\u03b2\u03c1\u03bf\u03c5\u03ac\u03c1\u03b9\u03bf\u03c2 2026"},"content":{"rendered":"<div class=\"wpb-content-wrapper\"><p>[vc_row][vc_column][vc_column_text css=&#8221;&#8221;]<\/p>\n<div class=\"elementToProof\"><strong>EDITORIAL<\/strong><\/div>\n<div class=\"elementToProof\">\u0395\u03c0\u03b9\u03bc\u03ad\u03bb\u03b5\u03b9\u03b1: \u0391\u03c1\u03b9\u03ac\u03b4\u03bd\u03b7 \u0392\u03bf\u03b6\u03ac\u03bd\u03b7<\/div>\n<ul>\n<li>\u03a7\u03ce\u03c1\u03bf\u03b9 \u03b5\u03c3\u03c4\u03af\u03b1\u03c3\u03b7\u03c2 \u03ba\u03b1\u03b9 \u03b8\u03b5\u03b1\u03c4\u03c1\u03b9\u03ba\u03cc\u03c4\u03b7\u03c4\u03b1<\/li>\n<\/ul>\n<div class=\"elementToProof\"><\/div>\n<div class=\"elementToProof\"><strong>INTERVIEW<\/strong><\/div>\n<div class=\"elementToProof\">\u0395\u03c0\u03b9\u03bc\u03ad\u03bb\u03b5\u03b9\u03b1: \u03a3\u03c4\u03b1\u03cd\u03c1\u03bf\u03c2 \u039c\u03b1\u03c1\u03c4\u03af\u03bd\u03bf\u03c2<\/div>\n<ul>\n<li>Mutiny Architects<\/li>\n<\/ul>\n<div class=\"elementToProof\"><\/div>\n<div class=\"elementToProof\"><strong>CRITICAL PERSPECTIVES<\/strong><\/div>\n<div class=\"elementToProof\">\u0395\u03c0\u03b9\u03bc\u03ad\u03bb\u03b5\u03b9\u03b1: \u03a0\u03ac\u03bd\u03bf\u03c2 \u03a4\u03c3\u03b1\u03ba\u03cc\u03c0\u03bf\u03c5\u03bb\u03bf\u03c2<\/div>\n<ul>\n<li>\u0397 \u03b1\u03ba\u03b1\u03c4\u03b1\u03bc\u03ac\u03c7\u03b7\u03c4\u03b7 \u03b3\u03bf\u03b7\u03c4\u03b5\u03af\u03b1 \u03c4\u03c9\u03bd caf\u00e9<\/li>\n<\/ul>\n<div class=\"elementToProof\"><\/div>\n<div class=\"elementToProof\"><strong>FOREIGN AFFAIRS<\/strong><\/div>\n<div class=\"elementToProof\">\u0395\u03c0\u03b9\u03bc\u03ad\u03bb\u03b5\u03b9\u03b1: \u039d\u03af\u03ba\u03bf\u03c2 \u03a0\u03b1\u03c4\u03c3\u03b1\u03b2\u03cc\u03c2<\/div>\n<ul>\n<li>H \u03b1\u03c1\u03c7\u03b9\u03c4\u03b5\u03ba\u03c4\u03bf\u03bd\u03b9\u03ba\u03ae \u03c4\u03b7\u03c2 \u03c4\u03c1\u03bf\u03c6\u03ae\u03c2: \u0388\u03ba\u03b8\u03b5\u03c3\u03b7 \u201cF\u03bf\u03bfd\u201d \u03c3\u03c4\u03bf Design Museum Holon<\/li>\n<\/ul>\n<div class=\"elementToProof\"><\/div>\n<div class=\"elementToProof\"><strong>ARCHITECTURE<\/strong><\/div>\n<ul>\n<li>George, The Lobby Bar \u03c3\u03c4\u03b7\u03bd \u0391\u03b8\u03ae\u03bd\u03b1\u00a0| Goddard Littlefair<\/li>\n<li>GB Roof Garden Restaurant &amp; Bar \u03c3\u03c4\u03b7\u03bd \u0391\u03b8\u03ae\u03bd\u03b1\u00a0| Goddard Littlefair<\/li>\n<li>Gloria Gati Brasserie Italiana \u03c3\u03c4\u03b7\u03bd \u0391\u03b8\u03ae\u03bd\u03b1 | ZITATEAM Architects<\/li>\n<li>Liystor \u03a0\u03bf\u03bb\u03c5\u03c7\u03ce\u03c1\u03bf\u03c2 \u03b5\u03c3\u03c4\u03af\u03b1\u03c3\u03b7\u03c2 \u03c3\u03c4\u03b7\u03bd \u0391\u03b8\u03ae\u03bd\u03b1 | XCollective<\/li>\n<li>D\u00e9gag\u00e9 All-Day Caf\u00e9-Bar \u03c3\u03c4\u03b7 \u039b\u03b1\u03bc\u03af\u03b1 | Dashing Architects<\/li>\n<li>Fellos Wine Bar \u03c3\u03c4\u03b7\u03bd \u0391\u03b8\u03ae\u03bd\u03b1 | Mutiny Architects<\/li>\n<li>Voulkanizater Bar-Restaurant \u03c3\u03c4\u03b7\u03bd \u0391\u03b8\u03ae\u03bd\u03b1 | \u0393\u03b9\u03ce\u03c1\u03b3\u03bf\u03c2 \u03a0\u03b1\u03ba\u03b1\u03bb\u03af\u03b4\u03b7\u03c2, \u0386\u03c1\u03c4\u03b5\u03bc\u03b9\u03c2 \u0392\u03b1\u03bb\u03c5\u03c1\u03ac\u03ba\u03b7<\/li>\n<li>Manu Fish Restaurant \u03c3\u03c4\u03b7\u03bd \u0391\u03b8\u03ae\u03bd\u03b1 | Studio Materiality<\/li>\n<li>Dr. 8 Pizza Bar \u03c3\u03c4\u03b7\u03bd \u0391\u03b8\u03ae\u03bd\u03b1 | \u0393\u03b9\u03ce\u03c1\u03b3\u03bf\u03c2 \u03a0\u03b1\u03ba\u03b1\u03bb\u03af\u03b4\u03b7\u03c2, \u0386\u03c1\u03c4\u03b5\u03bc\u03b9\u03c2 \u0392\u03b1\u03bb\u03c5\u03c1\u03ac\u03ba\u03b7<\/li>\n<li>Moonkiz Caf\u00e9 \u03c3\u03c4\u03b7 \u0398\u03b5\u03c3\u03c3\u03b1\u03bb\u03bf\u03bd\u03af\u03ba\u03b7\u00a0| Ark4lab of Architecture<\/li>\n<li>Maja Coffee Shop \u03c3\u03c4\u03bf\u03bd \u0392\u03cc\u03bb\u03bf | Lab4 Architects<\/li>\n<li>Ilios Beach Club \u03ba\u03b1\u03b9 Nalu Surf Club \u03c3\u03c4\u03bf Abu Dhabi | Elastic Architects<\/li>\n<li>HCafe Athens Rooftop Caf\u00e9-Restaurant \u03c3\u03c4\u03b7\u03bd \u0391\u03b8\u03ae\u03bd\u03b1\u00a0| Mutiny Architects<\/li>\n<\/ul>\n<div class=\"elementToProof\"><\/div>\n<div class=\"elementToProof\"><strong>CURRENT TRENDS<\/strong><\/div>\n<div class=\"elementToProof\">\u0395\u03c0\u03b9\u03bc\u03ad\u03bb\u03b5\u03b9\u03b1: \u03a3\u03c4\u03b1\u03cd\u03c1\u03bf\u03c2 \u039c\u03b1\u03c1\u03c4\u03af\u03bd\u03bf\u03c2<\/div>\n<ul>\n<li>\u0391\u03c1\u03c7\u03b9\u03c4\u03b5\u03ba\u03c4\u03bf\u03bd\u03b9\u03ba\u03ad\u03c2 \u03b5\u03c6\u03b1\u03c1\u03bc\u03bf\u03b3\u03ad\u03c2 \u03c4\u03bf\u03c5 \u03c7\u03c1\u03ce\u03bc\u03b1\u03c4\u03bf\u03c2 \u03c3\u03b5 bar \u03ba\u03b1\u03b9 \u03b5\u03c3\u03c4\u03b9\u03b1\u03c4\u03cc\u03c1\u03b9\u03b1<\/li>\n<\/ul>\n<p>[\/vc_column_text][\/vc_column][\/vc_row]<\/p>\n<\/div>","protected":false},"excerpt":{"rendered":"<p>[vc_row][vc_column][vc_column_text css=&#8221;&#8221;] EDITORIAL \u0395\u03c0\u03b9\u03bc\u03ad\u03bb\u03b5\u03b9\u03b1: \u0391\u03c1\u03b9\u03ac\u03b4\u03bd\u03b7 \u0392\u03bf\u03b6\u03ac\u03bd\u03b7 \u03a7\u03ce\u03c1\u03bf\u03b9 \u03b5\u03c3\u03c4\u03af\u03b1\u03c3\u03b7\u03c2 \u03ba\u03b1\u03b9 \u03b8\u03b5\u03b1\u03c4\u03c1\u03b9\u03ba\u03cc\u03c4\u03b7\u03c4\u03b1 INTERVIEW \u0395\u03c0\u03b9\u03bc\u03ad\u03bb\u03b5\u03b9\u03b1: \u03a3\u03c4\u03b1\u03cd\u03c1\u03bf\u03c2 \u039c\u03b1\u03c1\u03c4\u03af\u03bd\u03bf\u03c2 Mutiny Architects CRITICAL PERSPECTIVES \u0395\u03c0\u03b9\u03bc\u03ad\u03bb\u03b5\u03b9\u03b1: \u03a0\u03ac\u03bd\u03bf\u03c2 \u03a4\u03c3\u03b1\u03ba\u03cc\u03c0\u03bf\u03c5\u03bb\u03bf\u03c2 \u0397 \u03b1\u03ba\u03b1\u03c4\u03b1\u03bc\u03ac\u03c7\u03b7\u03c4\u03b7 \u03b3\u03bf\u03b7\u03c4\u03b5\u03af\u03b1 \u03c4\u03c9\u03bd caf\u00e9 FOREIGN AFFAIRS \u0395\u03c0\u03b9\u03bc\u03ad\u03bb\u03b5\u03b9\u03b1: \u039d\u03af\u03ba\u03bf\u03c2 \u03a0\u03b1\u03c4\u03c3\u03b1\u03b2\u03cc\u03c2 H \u03b1\u03c1\u03c7\u03b9\u03c4\u03b5\u03ba\u03c4\u03bf\u03bd\u03b9\u03ba\u03ae \u03c4\u03b7\u03c2 \u03c4\u03c1\u03bf\u03c6\u03ae\u03c2: \u0388\u03ba\u03b8\u03b5\u03c3\u03b7 \u201cF\u03bf\u03bfd\u201d \u03c3\u03c4\u03bf Design Museum Holon ARCHITECTURE George, The Lobby Bar \u03c3\u03c4\u03b7\u03bd \u0391\u03b8\u03ae\u03bd\u03b1\u00a0| Goddard Littlefair GB Roof Garden Restaurant &amp;&hellip;<\/p>\n","protected":false},"featured_media":177183,"template":"","meta":{"inline_featured_image":false},"product_brand":[],"product_cat":[1323],"product_tag":[],"class_list":{"0":"post-177178","1":"product","2":"type-product","3":"status-publish","4":"has-post-thumbnail","6":"product_cat-ek-magazine-el","7":"product_shipping_class-ek-magazine-el","8":"description-off","10":"first","11":"instock","12":"purchasable","13":"product-type-variable"},"acf":[],"yoast_head":"<!-- This site is optimized with the Yoast SEO plugin v27.3 - https:\/\/yoast.com\/product\/yoast-seo-wordpress\/ -->\n<title>ek magazine 304 | \u0399\u03b1\u03bd\u03bf\u03c5\u03ac\u03c1\u03b9\u03bf\u03c2\/\u03a6\u03b5\u03b2\u03c1\u03bf\u03c5\u03ac\u03c1\u03b9\u03bf\u03c2 2026<\/title>\n<meta name=\"description\" content=\"\u03a4\u03bf ek Magazine 304 (\u0399\u03b1\u03bd\u03bf\u03c5\u03ac\u03c1\u03b9\u03bf\u03c2\u2013\u03a6\u03b5\u03b2\u03c1\u03bf\u03c5\u03ac\u03c1\u03b9\u03bf\u03c2 2026) \u03c0\u03b1\u03c1\u03bf\u03c5\u03c3\u03b9\u03ac\u03b6\u03b5\u03b9 \u03b5\u03c0\u03b9\u03bb\u03b5\u03b3\u03bc\u03ad\u03bd\u03b1 \u03ad\u03c1\u03b3\u03b1 \u03b1\u03c1\u03c7\u03b9\u03c4\u03b5\u03ba\u03c4\u03bf\u03bd\u03b9\u03ba\u03ae\u03c2 \u03b5\u03c3\u03c4\u03af\u03b1\u03c3\u03b7\u03c2 (bars &amp; restaurants), \u03c3\u03c5\u03bd\u03b5\u03bd\u03c4\u03b5\u03cd\u03be\u03b5\u03b9\u03c2 \u03ba\u03b1\u03b9 \u03c3\u03cd\u03b3\u03c7\u03c1\u03bf\u03bd\u03b5\u03c2 \u03c4\u03ac\u03c3\u03b5\u03b9\u03c2 \u03c0\u03bf\u03c5 \u03b4\u03b9\u03b1\u03bc\u03bf\u03c1\u03c6\u03ce\u03bd\u03bf\u03c5\u03bd \u03c4\u03b7\u03bd \u03b5\u03bc\u03c0\u03b5\u03b9\u03c1\u03af\u03b1 \u03c4\u03bf\u03c5 \u03c7\u03ce\u03c1\u03bf\u03c5 \u03c6\u03b9\u03bb\u03bf\u03be\u03b5\u03bd\u03af\u03b1\u03c2.\" \/>\n<meta name=\"robots\" content=\"index, follow, max-snippet:-1, max-image-preview:large, max-video-preview:-1\" \/>\n<link rel=\"canonical\" href=\"https:\/\/ek-mag.com\/el\/product\/ek-magazine-304-january-february-2026\/\" \/>\n<meta property=\"og:locale\" content=\"el_GR\" \/>\n<meta property=\"og:type\" content=\"article\" \/>\n<meta property=\"og:title\" content=\"ek magazine 304 | \u0399\u03b1\u03bd\u03bf\u03c5\u03ac\u03c1\u03b9\u03bf\u03c2\/\u03a6\u03b5\u03b2\u03c1\u03bf\u03c5\u03ac\u03c1\u03b9\u03bf\u03c2 2026\" \/>\n<meta property=\"og:description\" content=\"\u03a4\u03bf ek Magazine 304 (\u0399\u03b1\u03bd\u03bf\u03c5\u03ac\u03c1\u03b9\u03bf\u03c2\u2013\u03a6\u03b5\u03b2\u03c1\u03bf\u03c5\u03ac\u03c1\u03b9\u03bf\u03c2 2026) \u03c0\u03b1\u03c1\u03bf\u03c5\u03c3\u03b9\u03ac\u03b6\u03b5\u03b9 \u03b5\u03c0\u03b9\u03bb\u03b5\u03b3\u03bc\u03ad\u03bd\u03b1 \u03ad\u03c1\u03b3\u03b1 \u03b1\u03c1\u03c7\u03b9\u03c4\u03b5\u03ba\u03c4\u03bf\u03bd\u03b9\u03ba\u03ae\u03c2 \u03b5\u03c3\u03c4\u03af\u03b1\u03c3\u03b7\u03c2 (bars &amp; restaurants), \u03c3\u03c5\u03bd\u03b5\u03bd\u03c4\u03b5\u03cd\u03be\u03b5\u03b9\u03c2 \u03ba\u03b1\u03b9 \u03c3\u03cd\u03b3\u03c7\u03c1\u03bf\u03bd\u03b5\u03c2 \u03c4\u03ac\u03c3\u03b5\u03b9\u03c2 \u03c0\u03bf\u03c5 \u03b4\u03b9\u03b1\u03bc\u03bf\u03c1\u03c6\u03ce\u03bd\u03bf\u03c5\u03bd \u03c4\u03b7\u03bd \u03b5\u03bc\u03c0\u03b5\u03b9\u03c1\u03af\u03b1 \u03c4\u03bf\u03c5 \u03c7\u03ce\u03c1\u03bf\u03c5 \u03c6\u03b9\u03bb\u03bf\u03be\u03b5\u03bd\u03af\u03b1\u03c2.\" \/>\n<meta property=\"og:url\" content=\"https:\/\/ek-mag.com\/el\/product\/ek-magazine-304-january-february-2026\/\" \/>\n<meta property=\"og:site_name\" content=\"ek magazine | Architectural Publications\" \/>\n<meta property=\"article:publisher\" content=\"https:\/\/www.facebook.com\/ekmagazine\/\" \/>\n<meta property=\"article:modified_time\" content=\"2026-02-09T08:51:47+00:00\" \/>\n<meta property=\"og:image\" content=\"https:\/\/ek-mag.com\/wp-content\/uploads\/2026\/02\/ek304_COVER-2-scaled.jpg\" \/>\n\t<meta property=\"og:image:width\" content=\"1883\" \/>\n\t<meta property=\"og:image:height\" content=\"2560\" \/>\n\t<meta property=\"og:image:type\" content=\"image\/jpeg\" \/>\n<meta name=\"twitter:card\" content=\"summary_large_image\" \/>\n<meta name=\"twitter:label1\" content=\"\u0395\u03ba\u03c4\u03b9\u03bc\u03ce\u03bc\u03b5\u03bd\u03bf\u03c2 \u03c7\u03c1\u03cc\u03bd\u03bf\u03c2 \u03b1\u03bd\u03ac\u03b3\u03bd\u03c9\u03c3\u03b7\u03c2\" \/>\n\t<meta name=\"twitter:data1\" content=\"1 \u03bb\u03b5\u03c0\u03c4\u03cc\" \/>\n<script type=\"application\/ld+json\" class=\"yoast-schema-graph\">{\"@context\":\"https:\\\/\\\/schema.org\",\"@graph\":[{\"@type\":\"WebPage\",\"@id\":\"https:\\\/\\\/ek-mag.com\\\/el\\\/product\\\/ek-magazine-304-january-february-2026\\\/\",\"url\":\"https:\\\/\\\/ek-mag.com\\\/el\\\/product\\\/ek-magazine-304-january-february-2026\\\/\",\"name\":\"ek magazine 304 | \u0399\u03b1\u03bd\u03bf\u03c5\u03ac\u03c1\u03b9\u03bf\u03c2\\\/\u03a6\u03b5\u03b2\u03c1\u03bf\u03c5\u03ac\u03c1\u03b9\u03bf\u03c2 2026\",\"isPartOf\":{\"@id\":\"https:\\\/\\\/ek-mag.com\\\/#website\"},\"primaryImageOfPage\":{\"@id\":\"https:\\\/\\\/ek-mag.com\\\/el\\\/product\\\/ek-magazine-304-january-february-2026\\\/#primaryimage\"},\"image\":{\"@id\":\"https:\\\/\\\/ek-mag.com\\\/el\\\/product\\\/ek-magazine-304-january-february-2026\\\/#primaryimage\"},\"thumbnailUrl\":\"https:\\\/\\\/ek-mag.com\\\/wp-content\\\/uploads\\\/2026\\\/02\\\/ek304_COVER-2-scaled.jpg\",\"datePublished\":\"2026-02-09T08:11:19+00:00\",\"dateModified\":\"2026-02-09T08:51:47+00:00\",\"description\":\"\u03a4\u03bf ek Magazine 304 (\u0399\u03b1\u03bd\u03bf\u03c5\u03ac\u03c1\u03b9\u03bf\u03c2\u2013\u03a6\u03b5\u03b2\u03c1\u03bf\u03c5\u03ac\u03c1\u03b9\u03bf\u03c2 2026) \u03c0\u03b1\u03c1\u03bf\u03c5\u03c3\u03b9\u03ac\u03b6\u03b5\u03b9 \u03b5\u03c0\u03b9\u03bb\u03b5\u03b3\u03bc\u03ad\u03bd\u03b1 \u03ad\u03c1\u03b3\u03b1 \u03b1\u03c1\u03c7\u03b9\u03c4\u03b5\u03ba\u03c4\u03bf\u03bd\u03b9\u03ba\u03ae\u03c2 \u03b5\u03c3\u03c4\u03af\u03b1\u03c3\u03b7\u03c2 (bars & restaurants), \u03c3\u03c5\u03bd\u03b5\u03bd\u03c4\u03b5\u03cd\u03be\u03b5\u03b9\u03c2 \u03ba\u03b1\u03b9 \u03c3\u03cd\u03b3\u03c7\u03c1\u03bf\u03bd\u03b5\u03c2 \u03c4\u03ac\u03c3\u03b5\u03b9\u03c2 \u03c0\u03bf\u03c5 \u03b4\u03b9\u03b1\u03bc\u03bf\u03c1\u03c6\u03ce\u03bd\u03bf\u03c5\u03bd \u03c4\u03b7\u03bd \u03b5\u03bc\u03c0\u03b5\u03b9\u03c1\u03af\u03b1 \u03c4\u03bf\u03c5 \u03c7\u03ce\u03c1\u03bf\u03c5 \u03c6\u03b9\u03bb\u03bf\u03be\u03b5\u03bd\u03af\u03b1\u03c2.\",\"breadcrumb\":{\"@id\":\"https:\\\/\\\/ek-mag.com\\\/el\\\/product\\\/ek-magazine-304-january-february-2026\\\/#breadcrumb\"},\"inLanguage\":\"el\",\"potentialAction\":[{\"@type\":\"ReadAction\",\"target\":[\"https:\\\/\\\/ek-mag.com\\\/el\\\/product\\\/ek-magazine-304-january-february-2026\\\/\"]}]},{\"@type\":\"ImageObject\",\"inLanguage\":\"el\",\"@id\":\"https:\\\/\\\/ek-mag.com\\\/el\\\/product\\\/ek-magazine-304-january-february-2026\\\/#primaryimage\",\"url\":\"https:\\\/\\\/ek-mag.com\\\/wp-content\\\/uploads\\\/2026\\\/02\\\/ek304_COVER-2-scaled.jpg\",\"contentUrl\":\"https:\\\/\\\/ek-mag.com\\\/wp-content\\\/uploads\\\/2026\\\/02\\\/ek304_COVER-2-scaled.jpg\",\"width\":1883,\"height\":2560,\"caption\":\"ek 304 - Bar and restaurant Issue\"},{\"@type\":\"BreadcrumbList\",\"@id\":\"https:\\\/\\\/ek-mag.com\\\/el\\\/product\\\/ek-magazine-304-january-february-2026\\\/#breadcrumb\",\"itemListElement\":[{\"@type\":\"ListItem\",\"position\":1,\"name\":\"Home\",\"item\":\"https:\\\/\\\/ek-mag.com\\\/el\\\/\"},{\"@type\":\"ListItem\",\"position\":2,\"name\":\"Shop\",\"item\":\"https:\\\/\\\/ek-mag.com\\\/el\\\/shop\\\/\"},{\"@type\":\"ListItem\",\"position\":3,\"name\":\"ek magazine 304 | \u0399\u03b1\u03bd\u03bf\u03c5\u03ac\u03c1\u03b9\u03bf\u03c2\\\/\u03a6\u03b5\u03b2\u03c1\u03bf\u03c5\u03ac\u03c1\u03b9\u03bf\u03c2 2026\"}]},{\"@type\":\"WebSite\",\"@id\":\"https:\\\/\\\/ek-mag.com\\\/#website\",\"url\":\"https:\\\/\\\/ek-mag.com\\\/\",\"name\":\"ek magazine\",\"description\":\"Architecture, Interior Design and Contemporary Design Projects\",\"publisher\":{\"@id\":\"https:\\\/\\\/ek-mag.com\\\/#organization\"},\"alternateName\":\"ek-mag\",\"potentialAction\":[{\"@type\":\"SearchAction\",\"target\":{\"@type\":\"EntryPoint\",\"urlTemplate\":\"https:\\\/\\\/ek-mag.com\\\/?s={search_term_string}\"},\"query-input\":{\"@type\":\"PropertyValueSpecification\",\"valueRequired\":true,\"valueName\":\"search_term_string\"}}],\"inLanguage\":\"el\"},{\"@type\":\"Organization\",\"@id\":\"https:\\\/\\\/ek-mag.com\\\/#organization\",\"name\":\"ek magazine | Architectural Publications\",\"alternateName\":\"ek magazine\",\"url\":\"https:\\\/\\\/ek-mag.com\\\/\",\"logo\":{\"@type\":\"ImageObject\",\"inLanguage\":\"el\",\"@id\":\"https:\\\/\\\/ek-mag.com\\\/#\\\/schema\\\/logo\\\/image\\\/\",\"url\":\"https:\\\/\\\/ek-mag.com\\\/wp-content\\\/uploads\\\/2025\\\/09\\\/ek_Logo-black.jpg\",\"contentUrl\":\"https:\\\/\\\/ek-mag.com\\\/wp-content\\\/uploads\\\/2025\\\/09\\\/ek_Logo-black.jpg\",\"width\":1638,\"height\":1504,\"caption\":\"ek magazine | Architectural Publications\"},\"image\":{\"@id\":\"https:\\\/\\\/ek-mag.com\\\/#\\\/schema\\\/logo\\\/image\\\/\"},\"sameAs\":[\"https:\\\/\\\/www.facebook.com\\\/ekmagazine\\\/\",\"https:\\\/\\\/www.instagram.com\\\/ek_magazine\\\/\",\"https:\\\/\\\/www.linkedin.com\\\/company\\\/ek_magazine\\\/\",\"https:\\\/\\\/www.youtube.com\\\/@ekmagazine\"]}]}<\/script>\n<!-- \/ Yoast SEO plugin. -->","yoast_head_json":{"title":"ek magazine 304 | \u0399\u03b1\u03bd\u03bf\u03c5\u03ac\u03c1\u03b9\u03bf\u03c2\/\u03a6\u03b5\u03b2\u03c1\u03bf\u03c5\u03ac\u03c1\u03b9\u03bf\u03c2 2026","description":"\u03a4\u03bf ek Magazine 304 (\u0399\u03b1\u03bd\u03bf\u03c5\u03ac\u03c1\u03b9\u03bf\u03c2\u2013\u03a6\u03b5\u03b2\u03c1\u03bf\u03c5\u03ac\u03c1\u03b9\u03bf\u03c2 2026) \u03c0\u03b1\u03c1\u03bf\u03c5\u03c3\u03b9\u03ac\u03b6\u03b5\u03b9 \u03b5\u03c0\u03b9\u03bb\u03b5\u03b3\u03bc\u03ad\u03bd\u03b1 \u03ad\u03c1\u03b3\u03b1 \u03b1\u03c1\u03c7\u03b9\u03c4\u03b5\u03ba\u03c4\u03bf\u03bd\u03b9\u03ba\u03ae\u03c2 \u03b5\u03c3\u03c4\u03af\u03b1\u03c3\u03b7\u03c2 (bars & restaurants), \u03c3\u03c5\u03bd\u03b5\u03bd\u03c4\u03b5\u03cd\u03be\u03b5\u03b9\u03c2 \u03ba\u03b1\u03b9 \u03c3\u03cd\u03b3\u03c7\u03c1\u03bf\u03bd\u03b5\u03c2 \u03c4\u03ac\u03c3\u03b5\u03b9\u03c2 \u03c0\u03bf\u03c5 \u03b4\u03b9\u03b1\u03bc\u03bf\u03c1\u03c6\u03ce\u03bd\u03bf\u03c5\u03bd \u03c4\u03b7\u03bd \u03b5\u03bc\u03c0\u03b5\u03b9\u03c1\u03af\u03b1 \u03c4\u03bf\u03c5 \u03c7\u03ce\u03c1\u03bf\u03c5 \u03c6\u03b9\u03bb\u03bf\u03be\u03b5\u03bd\u03af\u03b1\u03c2.","robots":{"index":"index","follow":"follow","max-snippet":"max-snippet:-1","max-image-preview":"max-image-preview:large","max-video-preview":"max-video-preview:-1"},"canonical":"https:\/\/ek-mag.com\/el\/product\/ek-magazine-304-january-february-2026\/","og_locale":"el_GR","og_type":"article","og_title":"ek magazine 304 | \u0399\u03b1\u03bd\u03bf\u03c5\u03ac\u03c1\u03b9\u03bf\u03c2\/\u03a6\u03b5\u03b2\u03c1\u03bf\u03c5\u03ac\u03c1\u03b9\u03bf\u03c2 2026","og_description":"\u03a4\u03bf ek Magazine 304 (\u0399\u03b1\u03bd\u03bf\u03c5\u03ac\u03c1\u03b9\u03bf\u03c2\u2013\u03a6\u03b5\u03b2\u03c1\u03bf\u03c5\u03ac\u03c1\u03b9\u03bf\u03c2 2026) \u03c0\u03b1\u03c1\u03bf\u03c5\u03c3\u03b9\u03ac\u03b6\u03b5\u03b9 \u03b5\u03c0\u03b9\u03bb\u03b5\u03b3\u03bc\u03ad\u03bd\u03b1 \u03ad\u03c1\u03b3\u03b1 \u03b1\u03c1\u03c7\u03b9\u03c4\u03b5\u03ba\u03c4\u03bf\u03bd\u03b9\u03ba\u03ae\u03c2 \u03b5\u03c3\u03c4\u03af\u03b1\u03c3\u03b7\u03c2 (bars & restaurants), \u03c3\u03c5\u03bd\u03b5\u03bd\u03c4\u03b5\u03cd\u03be\u03b5\u03b9\u03c2 \u03ba\u03b1\u03b9 \u03c3\u03cd\u03b3\u03c7\u03c1\u03bf\u03bd\u03b5\u03c2 \u03c4\u03ac\u03c3\u03b5\u03b9\u03c2 \u03c0\u03bf\u03c5 \u03b4\u03b9\u03b1\u03bc\u03bf\u03c1\u03c6\u03ce\u03bd\u03bf\u03c5\u03bd \u03c4\u03b7\u03bd \u03b5\u03bc\u03c0\u03b5\u03b9\u03c1\u03af\u03b1 \u03c4\u03bf\u03c5 \u03c7\u03ce\u03c1\u03bf\u03c5 \u03c6\u03b9\u03bb\u03bf\u03be\u03b5\u03bd\u03af\u03b1\u03c2.","og_url":"https:\/\/ek-mag.com\/el\/product\/ek-magazine-304-january-february-2026\/","og_site_name":"ek magazine | Architectural Publications","article_publisher":"https:\/\/www.facebook.com\/ekmagazine\/","article_modified_time":"2026-02-09T08:51:47+00:00","og_image":[{"width":1883,"height":2560,"url":"https:\/\/ek-mag.com\/wp-content\/uploads\/2026\/02\/ek304_COVER-2-scaled.jpg","type":"image\/jpeg"}],"twitter_card":"summary_large_image","twitter_misc":{"\u0395\u03ba\u03c4\u03b9\u03bc\u03ce\u03bc\u03b5\u03bd\u03bf\u03c2 \u03c7\u03c1\u03cc\u03bd\u03bf\u03c2 \u03b1\u03bd\u03ac\u03b3\u03bd\u03c9\u03c3\u03b7\u03c2":"1 \u03bb\u03b5\u03c0\u03c4\u03cc"},"schema":{"@context":"https:\/\/schema.org","@graph":[{"@type":"WebPage","@id":"https:\/\/ek-mag.com\/el\/product\/ek-magazine-304-january-february-2026\/","url":"https:\/\/ek-mag.com\/el\/product\/ek-magazine-304-january-february-2026\/","name":"ek magazine 304 | \u0399\u03b1\u03bd\u03bf\u03c5\u03ac\u03c1\u03b9\u03bf\u03c2\/\u03a6\u03b5\u03b2\u03c1\u03bf\u03c5\u03ac\u03c1\u03b9\u03bf\u03c2 2026","isPartOf":{"@id":"https:\/\/ek-mag.com\/#website"},"primaryImageOfPage":{"@id":"https:\/\/ek-mag.com\/el\/product\/ek-magazine-304-january-february-2026\/#primaryimage"},"image":{"@id":"https:\/\/ek-mag.com\/el\/product\/ek-magazine-304-january-february-2026\/#primaryimage"},"thumbnailUrl":"https:\/\/ek-mag.com\/wp-content\/uploads\/2026\/02\/ek304_COVER-2-scaled.jpg","datePublished":"2026-02-09T08:11:19+00:00","dateModified":"2026-02-09T08:51:47+00:00","description":"\u03a4\u03bf ek Magazine 304 (\u0399\u03b1\u03bd\u03bf\u03c5\u03ac\u03c1\u03b9\u03bf\u03c2\u2013\u03a6\u03b5\u03b2\u03c1\u03bf\u03c5\u03ac\u03c1\u03b9\u03bf\u03c2 2026) \u03c0\u03b1\u03c1\u03bf\u03c5\u03c3\u03b9\u03ac\u03b6\u03b5\u03b9 \u03b5\u03c0\u03b9\u03bb\u03b5\u03b3\u03bc\u03ad\u03bd\u03b1 \u03ad\u03c1\u03b3\u03b1 \u03b1\u03c1\u03c7\u03b9\u03c4\u03b5\u03ba\u03c4\u03bf\u03bd\u03b9\u03ba\u03ae\u03c2 \u03b5\u03c3\u03c4\u03af\u03b1\u03c3\u03b7\u03c2 (bars & restaurants), \u03c3\u03c5\u03bd\u03b5\u03bd\u03c4\u03b5\u03cd\u03be\u03b5\u03b9\u03c2 \u03ba\u03b1\u03b9 \u03c3\u03cd\u03b3\u03c7\u03c1\u03bf\u03bd\u03b5\u03c2 \u03c4\u03ac\u03c3\u03b5\u03b9\u03c2 \u03c0\u03bf\u03c5 \u03b4\u03b9\u03b1\u03bc\u03bf\u03c1\u03c6\u03ce\u03bd\u03bf\u03c5\u03bd \u03c4\u03b7\u03bd \u03b5\u03bc\u03c0\u03b5\u03b9\u03c1\u03af\u03b1 \u03c4\u03bf\u03c5 \u03c7\u03ce\u03c1\u03bf\u03c5 \u03c6\u03b9\u03bb\u03bf\u03be\u03b5\u03bd\u03af\u03b1\u03c2.","breadcrumb":{"@id":"https:\/\/ek-mag.com\/el\/product\/ek-magazine-304-january-february-2026\/#breadcrumb"},"inLanguage":"el","potentialAction":[{"@type":"ReadAction","target":["https:\/\/ek-mag.com\/el\/product\/ek-magazine-304-january-february-2026\/"]}]},{"@type":"ImageObject","inLanguage":"el","@id":"https:\/\/ek-mag.com\/el\/product\/ek-magazine-304-january-february-2026\/#primaryimage","url":"https:\/\/ek-mag.com\/wp-content\/uploads\/2026\/02\/ek304_COVER-2-scaled.jpg","contentUrl":"https:\/\/ek-mag.com\/wp-content\/uploads\/2026\/02\/ek304_COVER-2-scaled.jpg","width":1883,"height":2560,"caption":"ek 304 - Bar and restaurant Issue"},{"@type":"BreadcrumbList","@id":"https:\/\/ek-mag.com\/el\/product\/ek-magazine-304-january-february-2026\/#breadcrumb","itemListElement":[{"@type":"ListItem","position":1,"name":"Home","item":"https:\/\/ek-mag.com\/el\/"},{"@type":"ListItem","position":2,"name":"Shop","item":"https:\/\/ek-mag.com\/el\/shop\/"},{"@type":"ListItem","position":3,"name":"ek magazine 304 | \u0399\u03b1\u03bd\u03bf\u03c5\u03ac\u03c1\u03b9\u03bf\u03c2\/\u03a6\u03b5\u03b2\u03c1\u03bf\u03c5\u03ac\u03c1\u03b9\u03bf\u03c2 2026"}]},{"@type":"WebSite","@id":"https:\/\/ek-mag.com\/#website","url":"https:\/\/ek-mag.com\/","name":"ek magazine","description":"Architecture, Interior Design and Contemporary Design Projects","publisher":{"@id":"https:\/\/ek-mag.com\/#organization"},"alternateName":"ek-mag","potentialAction":[{"@type":"SearchAction","target":{"@type":"EntryPoint","urlTemplate":"https:\/\/ek-mag.com\/?s={search_term_string}"},"query-input":{"@type":"PropertyValueSpecification","valueRequired":true,"valueName":"search_term_string"}}],"inLanguage":"el"},{"@type":"Organization","@id":"https:\/\/ek-mag.com\/#organization","name":"ek magazine | Architectural Publications","alternateName":"ek magazine","url":"https:\/\/ek-mag.com\/","logo":{"@type":"ImageObject","inLanguage":"el","@id":"https:\/\/ek-mag.com\/#\/schema\/logo\/image\/","url":"https:\/\/ek-mag.com\/wp-content\/uploads\/2025\/09\/ek_Logo-black.jpg","contentUrl":"https:\/\/ek-mag.com\/wp-content\/uploads\/2025\/09\/ek_Logo-black.jpg","width":1638,"height":1504,"caption":"ek magazine | Architectural Publications"},"image":{"@id":"https:\/\/ek-mag.com\/#\/schema\/logo\/image\/"},"sameAs":["https:\/\/www.facebook.com\/ekmagazine\/","https:\/\/www.instagram.com\/ek_magazine\/","https:\/\/www.linkedin.com\/company\/ek_magazine\/","https:\/\/www.youtube.com\/@ekmagazine"]}]}},"_links":{"self":[{"href":"https:\/\/ek-mag.com\/el\/wp-json\/wp\/v2\/product\/177178","targetHints":{"allow":["GET"]}}],"collection":[{"href":"https:\/\/ek-mag.com\/el\/wp-json\/wp\/v2\/product"}],"about":[{"href":"https:\/\/ek-mag.com\/el\/wp-json\/wp\/v2\/types\/product"}],"wp:featuredmedia":[{"embeddable":true,"href":"https:\/\/ek-mag.com\/el\/wp-json\/wp\/v2\/media\/177183"}],"wp:attachment":[{"href":"https:\/\/ek-mag.com\/el\/wp-json\/wp\/v2\/media?parent=177178"}],"wp:term":[{"taxonomy":"product_brand","embeddable":true,"href":"https:\/\/ek-mag.com\/el\/wp-json\/wp\/v2\/product_brand?post=177178"},{"taxonomy":"product_cat","embeddable":true,"href":"https:\/\/ek-mag.com\/el\/wp-json\/wp\/v2\/product_cat?post=177178"},{"taxonomy":"product_tag","embeddable":true,"href":"https:\/\/ek-mag.com\/el\/wp-json\/wp\/v2\/product_tag?post=177178"}],"curies":[{"name":"wp","href":"https:\/\/api.w.org\/{rel}","templated":true}]}}